{"id":4929,"date":"2018-12-17T05:38:21","date_gmt":"2018-12-17T05:38:21","guid":{"rendered":"https:\/\/www.mitol.si\/solid-wood-processing\/"},"modified":"2020-04-22T18:11:54","modified_gmt":"2020-04-22T18:11:54","slug":"proizvodnja-masivnega-pohistva","status":"publish","type":"page","link":"https:\/\/www.mitol.si\/sl\/podrocja-uporabe\/industrija\/lepljenje-lesa\/proizvodnja-masivnega-pohistva\/","title":{"rendered":"LEPLJENJE MASIVNEGA LESA"},"content":{"rendered":"","protected":false},"excerpt":{"rendered":"","protected":false},"author":1,"featured_media":0,"parent":4931,"menu_order":0,"comment_status":"closed","ping_status":"closed","template":"template-industrial-category.php","meta":{"_acf_changed":false,"footnotes":""},"class_list":["post-4929","page","type-page","status-publish","hentry"],"acf":{"intro_text":"<p>Mi razumemo les, zato vam nudimo celovite re\u0161itve v vseh fazah lepljenja.<\/p>\n","banner_image":6317,"text_below_banner":"<p>Les je edini material, ki izstopa po kakovosti in naravnosti, zato ga je mogo\u010de uporabiti za gradbene konstrukcije, okna in okvirje vrat, tla, kuhinjske delovne mize, mize in stole. \u00a0Ponujamo celovite lepilne re\u0161itve za vse aplikacije in smo zanesljiv partner pri vseh korakih procesa lepljenja.<br \/>\nZaradi zelo edinstvenih zahtev za razli\u010dne izdelke je izbira ustreznega lepila izredno pomembna za nemoten proizvodni postopek in vrhunsko kakovost kon\u010dnega izdelka.<\/p>\n","subcategories":[{"select_subcategory":4927,"image":4930,"short_description":"Okna in okvirji za vrata se v veliki meri lepijo z lepili PVAC, ki izpolnjujejo zahteve trajnostnega razreda D4, po standardu EN 204."},{"select_subcategory":4926,"image":6350,"short_description":"Plo\u0161\u010de, ki bodo izpostavljene razli\u010dnim klimatskim pogojem, morajo biti zalepljene z lepili, ki tvorijo trdne in trajne spoje."},{"select_subcategory":4905,"image":6316,"short_description":"Posebna lepila in proizvodi, ki slu\u017eijo kot pomo\u017ena sredstva pri lepljenju. Izbrani izdelki pripomorejo k optimalnemu lepljenju."}],"brands":false,"tagline_text":""},"yoast_head":"<!-- This site is optimized with the Yoast SEO plugin v27.0 - https:\/\/yoast.com\/product\/yoast-seo-wordpress\/ -->\n<title>LEPLJENJE MASIVNEGA LESA - Mitol<\/title>\n<meta name=\"robots\" content=\"index, follow, max-snippet:-1, max-image-preview:large, max-video-preview:-1\" \/>\n<link rel=\"canonical\" href=\"https:\/\/www.mitol.si\/sl\/podrocja-uporabe\/industrija\/lepljenje-lesa\/proizvodnja-masivnega-pohistva\/\" \/>\n<meta property=\"og:locale\" content=\"sl_SI\" \/>\n<meta property=\"og:type\" content=\"article\" \/>\n<meta property=\"og:title\" content=\"LEPLJENJE MASIVNEGA LESA - Mitol\" \/>\n<meta property=\"og:url\" content=\"https:\/\/www.mitol.si\/sl\/podrocja-uporabe\/industrija\/lepljenje-lesa\/proizvodnja-masivnega-pohistva\/\" \/>\n<meta property=\"og:site_name\" content=\"Mitol\" \/>\n<meta property=\"article:modified_time\" content=\"2020-04-22T18:11:54+00:00\" \/>\n<meta name=\"twitter:card\" content=\"summary_large_image\" \/>\n<script type=\"application\/ld+json\" class=\"yoast-schema-graph\">{\"@context\":\"https:\/\/schema.org\",\"@graph\":[{\"@type\":\"WebPage\",\"@id\":\"https:\/\/www.mitol.si\/sl\/podrocja-uporabe\/industrija\/lepljenje-lesa\/proizvodnja-masivnega-pohistva\/\",\"url\":\"https:\/\/www.mitol.si\/sl\/podrocja-uporabe\/industrija\/lepljenje-lesa\/proizvodnja-masivnega-pohistva\/\",\"name\":\"LEPLJENJE MASIVNEGA LESA - Mitol\",\"isPartOf\":{\"@id\":\"https:\/\/www.mitol.si\/sr\/#website\"},\"datePublished\":\"2018-12-17T05:38:21+00:00\",\"dateModified\":\"2020-04-22T18:11:54+00:00\",\"breadcrumb\":{\"@id\":\"https:\/\/www.mitol.si\/sl\/podrocja-uporabe\/industrija\/lepljenje-lesa\/proizvodnja-masivnega-pohistva\/#breadcrumb\"},\"inLanguage\":\"sl-SI\",\"potentialAction\":[{\"@type\":\"ReadAction\",\"target\":[\"https:\/\/www.mitol.si\/sl\/podrocja-uporabe\/industrija\/lepljenje-lesa\/proizvodnja-masivnega-pohistva\/\"]}]},{\"@type\":\"BreadcrumbList\",\"@id\":\"https:\/\/www.mitol.si\/sl\/podrocja-uporabe\/industrija\/lepljenje-lesa\/proizvodnja-masivnega-pohistva\/#breadcrumb\",\"itemListElement\":[{\"@type\":\"ListItem\",\"position\":1,\"name\":\"Home\",\"item\":\"https:\/\/www.mitol.si\/sl\/\"},{\"@type\":\"ListItem\",\"position\":2,\"name\":\"PODRO\u010cJA UPORABE\",\"item\":\"https:\/\/www.mitol.si\/sl\/podrocja-uporabe\/\"},{\"@type\":\"ListItem\",\"position\":3,\"name\":\"INDUSTRIJA\",\"item\":\"https:\/\/www.mitol.si\/sl\/podrocja-uporabe\/industrija\/\"},{\"@type\":\"ListItem\",\"position\":4,\"name\":\"LEPLJENJE LESA\",\"item\":\"https:\/\/www.mitol.si\/sl\/podrocja-uporabe\/industrija\/lepljenje-lesa\/\"},{\"@type\":\"ListItem\",\"position\":5,\"name\":\"LEPLJENJE MASIVNEGA LESA\"}]},{\"@type\":\"WebSite\",\"@id\":\"https:\/\/www.mitol.si\/sr\/#website\",\"url\":\"https:\/\/www.mitol.si\/sr\/\",\"name\":\"Mitol\",\"description\":\"Welcome\",\"potentialAction\":[{\"@type\":\"SearchAction\",\"target\":{\"@type\":\"EntryPoint\",\"urlTemplate\":\"https:\/\/www.mitol.si\/sr\/?s={search_term_string}\"},\"query-input\":{\"@type\":\"PropertyValueSpecification\",\"valueRequired\":true,\"valueName\":\"search_term_string\"}}],\"inLanguage\":\"sl-SI\"}]}<\/script>\n<!-- \/ Yoast SEO plugin. -->","yoast_head_json":{"title":"LEPLJENJE MASIVNEGA LESA - Mitol","robots":{"index":"index","follow":"follow","max-snippet":"max-snippet:-1","max-image-preview":"max-image-preview:large","max-video-preview":"max-video-preview:-1"},"canonical":"https:\/\/www.mitol.si\/sl\/podrocja-uporabe\/industrija\/lepljenje-lesa\/proizvodnja-masivnega-pohistva\/","og_locale":"sl_SI","og_type":"article","og_title":"LEPLJENJE MASIVNEGA LESA - Mitol","og_url":"https:\/\/www.mitol.si\/sl\/podrocja-uporabe\/industrija\/lepljenje-lesa\/proizvodnja-masivnega-pohistva\/","og_site_name":"Mitol","article_modified_time":"2020-04-22T18:11:54+00:00","twitter_card":"summary_large_image","schema":{"@context":"https:\/\/schema.org","@graph":[{"@type":"WebPage","@id":"https:\/\/www.mitol.si\/sl\/podrocja-uporabe\/industrija\/lepljenje-lesa\/proizvodnja-masivnega-pohistva\/","url":"https:\/\/www.mitol.si\/sl\/podrocja-uporabe\/industrija\/lepljenje-lesa\/proizvodnja-masivnega-pohistva\/","name":"LEPLJENJE MASIVNEGA LESA - Mitol","isPartOf":{"@id":"https:\/\/www.mitol.si\/sr\/#website"},"datePublished":"2018-12-17T05:38:21+00:00","dateModified":"2020-04-22T18:11:54+00:00","breadcrumb":{"@id":"https:\/\/www.mitol.si\/sl\/podrocja-uporabe\/industrija\/lepljenje-lesa\/proizvodnja-masivnega-pohistva\/#breadcrumb"},"inLanguage":"sl-SI","potentialAction":[{"@type":"ReadAction","target":["https:\/\/www.mitol.si\/sl\/podrocja-uporabe\/industrija\/lepljenje-lesa\/proizvodnja-masivnega-pohistva\/"]}]},{"@type":"BreadcrumbList","@id":"https:\/\/www.mitol.si\/sl\/podrocja-uporabe\/industrija\/lepljenje-lesa\/proizvodnja-masivnega-pohistva\/#breadcrumb","itemListElement":[{"@type":"ListItem","position":1,"name":"Home","item":"https:\/\/www.mitol.si\/sl\/"},{"@type":"ListItem","position":2,"name":"PODRO\u010cJA UPORABE","item":"https:\/\/www.mitol.si\/sl\/podrocja-uporabe\/"},{"@type":"ListItem","position":3,"name":"INDUSTRIJA","item":"https:\/\/www.mitol.si\/sl\/podrocja-uporabe\/industrija\/"},{"@type":"ListItem","position":4,"name":"LEPLJENJE LESA","item":"https:\/\/www.mitol.si\/sl\/podrocja-uporabe\/industrija\/lepljenje-lesa\/"},{"@type":"ListItem","position":5,"name":"LEPLJENJE MASIVNEGA LESA"}]},{"@type":"WebSite","@id":"https:\/\/www.mitol.si\/sr\/#website","url":"https:\/\/www.mitol.si\/sr\/","name":"Mitol","description":"Welcome","potentialAction":[{"@type":"SearchAction","target":{"@type":"EntryPoint","urlTemplate":"https:\/\/www.mitol.si\/sr\/?s={search_term_string}"},"query-input":{"@type":"PropertyValueSpecification","valueRequired":true,"valueName":"search_term_string"}}],"inLanguage":"sl-SI"}]}},"_links":{"self":[{"href":"https:\/\/www.mitol.si\/sl\/wp-json\/wp\/v2\/pages\/4929","targetHints":{"allow":["GET"]}}],"collection":[{"href":"https:\/\/www.mitol.si\/sl\/wp-json\/wp\/v2\/pages"}],"about":[{"href":"https:\/\/www.mitol.si\/sl\/wp-json\/wp\/v2\/types\/page"}],"author":[{"embeddable":true,"href":"https:\/\/www.mitol.si\/sl\/wp-json\/wp\/v2\/users\/1"}],"replies":[{"embeddable":true,"href":"https:\/\/www.mitol.si\/sl\/wp-json\/wp\/v2\/comments?post=4929"}],"version-history":[{"count":0,"href":"https:\/\/www.mitol.si\/sl\/wp-json\/wp\/v2\/pages\/4929\/revisions"}],"up":[{"embeddable":true,"href":"https:\/\/www.mitol.si\/sl\/wp-json\/wp\/v2\/pages\/4931"}],"wp:attachment":[{"href":"https:\/\/www.mitol.si\/sl\/wp-json\/wp\/v2\/media?parent=4929"}],"curies":[{"name":"wp","href":"https:\/\/api.w.org\/{rel}","templated":true}]}}